{"id":430,"date":"2016-06-09T14:27:38","date_gmt":"2016-06-09T14:27:38","guid":{"rendered":"http:\/\/www.jaripartanen.com\/valokuvaus\/?page_id=430"},"modified":"2022-11-12T04:52:24","modified_gmt":"2022-11-12T04:52:24","slug":"piirretyt-muotokuvat","status":"publish","type":"page","link":"https:\/\/www.jaripartanen.com\/valokuvaus\/valokuvauspalveluita\/piirretyt-muotokuvat\/","title":{"rendered":"Piirretyt muotokuvat"},"content":{"rendered":"<p><a href=\"http:\/\/www.jaripartanen.com\/valokuvaus\/wp-content\/uploads\/2016\/06\/13313839_1403310143028213_99779717_o.jpg\"><img loading=\"lazy\" decoding=\"async\" class=\"alignnone  wp-image-431\" src=\"http:\/\/www.jaripartanen.com\/valokuvaus\/wp-content\/uploads\/2016\/06\/13313839_1403310143028213_99779717_o-683x1024.jpg\" alt=\"13313839_1403310143028213_99779717_o\" width=\"391\" height=\"586\" srcset=\"https:\/\/www.jaripartanen.com\/valokuvaus\/wp-content\/uploads\/2016\/06\/13313839_1403310143028213_99779717_o-683x1024.jpg 683w, https:\/\/www.jaripartanen.com\/valokuvaus\/wp-content\/uploads\/2016\/06\/13313839_1403310143028213_99779717_o-200x300.jpg 200w, https:\/\/www.jaripartanen.com\/valokuvaus\/wp-content\/uploads\/2016\/06\/13313839_1403310143028213_99779717_o-338x507.jpg 338w, https:\/\/www.jaripartanen.com\/valokuvaus\/wp-content\/uploads\/2016\/06\/13313839_1403310143028213_99779717_o-450x675.jpg 450w, https:\/\/www.jaripartanen.com\/valokuvaus\/wp-content\/uploads\/2016\/06\/13313839_1403310143028213_99779717_o-257x386.jpg 257w, https:\/\/www.jaripartanen.com\/valokuvaus\/wp-content\/uploads\/2016\/06\/13313839_1403310143028213_99779717_o.jpg 1365w\" sizes=\"auto, (max-width: 391px) 100vw, 391px\" \/><\/a><\/p>\n<p>Teen kuvasta tarvittaessa 50 x 70 cm suurennuksen, jonka kehyst\u00e4n huonen tauluksi.<\/p>\n<p>Voin my\u00f6s ottaa studiossa kuvan, josta Jonna Sirvi\u00f6 voi piirt\u00e4\u00e4 muotokuvasi!<\/p>\n<p>Hinta kehyksien kanssa 150 euroa (hinta pit\u00e4\u00e4 sis\u00e4ll\u00e4\u00e4n tulosteen)<\/p>\n<p>Jos tilaat ty\u00f6n vaikka lahjaksi, niin kannattaa varata piirt\u00e4miseen aikaa kaksi viikkoa!<\/p>\n<p>Hinnat sis. alv 24%<\/p>\n","protected":false},"excerpt":{"rendered":"<p>Teen kuvasta tarvittaessa 50 x 70 cm suurennuksen, jonka kehyst\u00e4n huonen tauluksi. Voin my\u00f6s ottaa studiossa kuvan, josta Jonna Sirvi\u00f6 voi piirt\u00e4\u00e4 muotokuvasi! Hinta kehyksien kanssa 150 euroa (hinta pit\u00e4\u00e4 sis\u00e4ll\u00e4\u00e4n tulosteen) Jos tilaat ty\u00f6n vaikka lahjaksi, niin kannattaa varata piirt\u00e4miseen aikaa kaksi viikkoa! Hinnat sis. alv 24%<\/p>\n","protected":false},"author":1,"featured_media":0,"parent":13,"menu_order":0,"comment_status":"open","ping_status":"open","template":"","meta":{"footnotes":""},"class_list":["post-430","page","type-page","status-publish","hentry"],"_links":{"self":[{"href":"https:\/\/www.jaripartanen.com\/valokuvaus\/wp-json\/wp\/v2\/pages\/430","targetHints":{"allow":["GET"]}}],"collection":[{"href":"https:\/\/www.jaripartanen.com\/valokuvaus\/wp-json\/wp\/v2\/pages"}],"about":[{"href":"https:\/\/www.jaripartanen.com\/valokuvaus\/wp-json\/wp\/v2\/types\/page"}],"author":[{"embeddable":true,"href":"https:\/\/www.jaripartanen.com\/valokuvaus\/wp-json\/wp\/v2\/users\/1"}],"replies":[{"embeddable":true,"href":"https:\/\/www.jaripartanen.com\/valokuvaus\/wp-json\/wp\/v2\/comments?post=430"}],"version-history":[{"count":12,"href":"https:\/\/www.jaripartanen.com\/valokuvaus\/wp-json\/wp\/v2\/pages\/430\/revisions"}],"predecessor-version":[{"id":565,"href":"https:\/\/www.jaripartanen.com\/valokuvaus\/wp-json\/wp\/v2\/pages\/430\/revisions\/565"}],"up":[{"embeddable":true,"href":"https:\/\/www.jaripartanen.com\/valokuvaus\/wp-json\/wp\/v2\/pages\/13"}],"wp:attachment":[{"href":"https:\/\/www.jaripartanen.com\/valokuvaus\/wp-json\/wp\/v2\/media?parent=430"}],"curies":[{"name":"wp","href":"https:\/\/api.w.org\/{rel}","templated":true}]}}